{"id":211,"date":"2014-08-13T18:51:07","date_gmt":"2014-08-13T21:51:07","guid":{"rendered":"http:\/\/ecotalentos.com.br\/site\/?page_id=211"},"modified":"2015-01-21T22:17:57","modified_gmt":"2015-01-22T01:17:57","slug":"experiencias","status":"publish","type":"page","link":"http:\/\/ecotalentos.com.br\/site\/experiencias\/","title":{"rendered":"Miss\u00e3o, Vis\u00e3o, Valores e Prop\u00f3sitos"},"content":{"rendered":"<p><img loading=\"lazy\" decoding=\"async\" class=\"alignnone size-full wp-image-338 aligncenter\" src=\"http:\/\/ecotalentos.com.br\/site\/wp-content\/uploads\/2014\/08\/missao.jpg\" alt=\"missao\" width=\"960\" height=\"295\" srcset=\"http:\/\/ecotalentos.com.br\/site\/wp-content\/uploads\/2014\/08\/missao.jpg 960w, http:\/\/ecotalentos.com.br\/site\/wp-content\/uploads\/2014\/08\/missao-300x92.jpg 300w, http:\/\/ecotalentos.com.br\/site\/wp-content\/uploads\/2014\/08\/missao-220x67.jpg 220w, http:\/\/ecotalentos.com.br\/site\/wp-content\/uploads\/2014\/08\/missao-187x57.jpg 187w, http:\/\/ecotalentos.com.br\/site\/wp-content\/uploads\/2014\/08\/missao-453x139.jpg 453w\" sizes=\"auto, (max-width: 960px) 100vw, 960px\" \/><\/p>\n<h3><strong>Miss\u00e3o:<\/strong><\/h3>\n<p style=\"text-align: center;\"><strong><em>\u201cPromover o desenvolvimento integral dos indiv\u00edduos e equipes, despertando e estimulando seus talentos, com integridade e excel\u00eancia, gerando valor e harmonia para empresas e pessoas\u201d.<\/em><\/strong><\/p>\n<h3><strong>Vis\u00e3o:<\/strong><\/h3>\n<p style=\"text-align: center;\"><strong><em>\u201cSer refer\u00eancia em gest\u00e3o do potencial humano, gerando satisfa\u00e7\u00e3o e resultados, atrav\u00e9s do aprimoramento dos talentos.\u201d<\/em><\/strong><\/p>\n<h3><strong>Valores: <\/strong><\/h3>\n<ul>\n<li><em><strong>\u00c9tica<\/strong><\/em><\/li>\n<li><em><strong>Respeito<\/strong><\/em><\/li>\n<li><em><strong>Integridade<\/strong><\/em><\/li>\n<li><em><strong>Simplicidade<\/strong><\/em><\/li>\n<li><em><strong>Harmonia<\/strong><\/em><\/li>\n<li><em><strong>Excel\u00eancia Humana<\/strong><\/em><\/li>\n<\/ul>\n<h3><strong>Nossos Prop\u00f3sitos:<\/strong><\/h3>\n<ul>\n<li><strong>Gest\u00e3o de Talentos: Identificar, despertar e estimular talentos e suas for\u00e7as inovadoras<\/strong><\/li>\n<li><strong>Desenvolver o potencial humano \/ Compet\u00eancias Individuais<\/strong><\/li>\n<li><strong>Desenvolver e aprimorar lideran\u00e7as<\/strong><\/li>\n<li><strong>Desenvolver equipes \/ <em>team work<\/em><\/strong><\/li>\n<li><strong>Desenvolver compet\u00eancias necess\u00e1rias para o trabalho em conjunto<\/strong><\/li>\n<li><strong>Facilitar os processos de integra\u00e7\u00e3o consigo e com o outro\u00a0 <\/strong><\/li>\n<li><strong>Facilitar os processos, visando \u00e0 melhoria na qualidade de vida<\/strong><\/li>\n<li><strong>Gerar comprometimento com o resultado final<\/strong><\/li>\n<li><strong>Gerar satisfa\u00e7\u00e3o e resultados relevantes em todas as dimens\u00f5es dos trabalhos realizados<\/strong><\/li>\n<li><strong>Rever e transformar paradigmas <\/strong><\/li>\n<li><strong>Construir parcerias s\u00f3lidas<\/strong><\/li>\n<li><strong>Aproximar Equipes<\/strong><\/li>\n<\/ul>\n","protected":false},"excerpt":{"rendered":"<p>Miss\u00e3o: \u201cPromover o desenvolvimento integral dos indiv\u00edduos e equipes, despertando e estimulando seus talentos, com integridade e excel\u00eancia, gerando valor e harmonia para empresas e pessoas\u201d. Vis\u00e3o: \u201cSer refer\u00eancia em gest\u00e3o do potencial humano, gerando satisfa\u00e7\u00e3o e resultados, atrav\u00e9s do aprimoramento dos talentos.\u201d Valores: \u00c9tica Respeito Integridade Simplicidade Harmonia Excel\u00eancia Humana Nossos Prop\u00f3sitos: Gest\u00e3o de [&hellip;]<\/p>\n","protected":false},"author":1,"featured_media":0,"parent":0,"menu_order":0,"comment_status":"closed","ping_status":"closed","template":"","meta":{"footnotes":""},"class_list":["post-211","page","type-page","status-publish","hentry"],"_links":{"self":[{"href":"http:\/\/ecotalentos.com.br\/site\/wp-json\/wp\/v2\/pages\/211","targetHints":{"allow":["GET"]}}],"collection":[{"href":"http:\/\/ecotalentos.com.br\/site\/wp-json\/wp\/v2\/pages"}],"about":[{"href":"http:\/\/ecotalentos.com.br\/site\/wp-json\/wp\/v2\/types\/page"}],"author":[{"embeddable":true,"href":"http:\/\/ecotalentos.com.br\/site\/wp-json\/wp\/v2\/users\/1"}],"replies":[{"embeddable":true,"href":"http:\/\/ecotalentos.com.br\/site\/wp-json\/wp\/v2\/comments?post=211"}],"version-history":[{"count":8,"href":"http:\/\/ecotalentos.com.br\/site\/wp-json\/wp\/v2\/pages\/211\/revisions"}],"predecessor-version":[{"id":453,"href":"http:\/\/ecotalentos.com.br\/site\/wp-json\/wp\/v2\/pages\/211\/revisions\/453"}],"wp:attachment":[{"href":"http:\/\/ecotalentos.com.br\/site\/wp-json\/wp\/v2\/media?parent=211"}],"curies":[{"name":"wp","href":"https:\/\/api.w.org\/{rel}","templated":true}]}}